{"id":32147,"date":"2024-09-25T07:13:12","date_gmt":"2024-09-25T06:13:12","guid":{"rendered":"https:\/\/www.galeriedowntown.com\/?page_id=32147"},"modified":"2024-09-25T07:13:12","modified_gmt":"2024-09-25T06:13:12","slug":"designers","status":"publish","type":"page","link":"https:\/\/www.galeriedowntown.com\/en\/designers\/","title":{"rendered":"Designers"},"content":{"rendered":"\t\t<div data-elementor-type=\"wp-page\" data-elementor-id=\"32147\" class=\"elementor elementor-32147 elementor-31\" data-elementor-post-type=\"page\">\n\t\t\t\t\t\t<section class=\"elementor-section elementor-top-section elementor-element elementor-element-906a2e6 elementor-section-boxed elementor-section-height-default elementor-section-height-default\" data-id=\"906a2e6\" data-element_type=\"section\">\n\t\t\t\t\t\t<div class=\"elementor-container elementor-column-gap-default\">\n\t\t\t\t\t<div class=\"elementor-column elementor-col-50 elementor-top-column elementor-element elementor-element-73d851b elementor-hidden-phone elementor-hidden-tablet\" data-id=\"73d851b\" data-element_type=\"column\">\n\t\t\t<div class=\"elementor-widget-wrap elementor-element-populated\">\n\t\t\t\t\t\t<div class=\"elementor-element elementor-element-296860a menu-align-flex-start elementor-widget elementor-widget-taxonomy-terms-menu\" data-id=\"296860a\" data-element_type=\"widget\" data-widget_type=\"taxonomy-terms-menu.default\">\n\t\t\t\t<div class=\"elementor-widget-container\">\n\t\t\t<nav class=\"dce-menu dce-flex-menu vertical\" itemscope=\"itemscope\" itemtype=\"http:\/\/schema.org\/SiteNavigationElement\"><ul class=\"first-level\"><li class=\"dce-term-165\"><a href=\"https:\/\/www.galeriedowntown.com\/en\/designers\/charlotte-perriand\/\"><span>Charlotte Perriand<\/span><\/a><\/li><li class=\"dce-term-180\"><a href=\"https:\/\/www.galeriedowntown.com\/en\/designers\/jean-prouve-furniture\/\"><span>Jean Prouv\u00e9 - Furniture<\/span><\/a><\/li><li class=\"dce-term-179\"><a href=\"https:\/\/www.galeriedowntown.com\/en\/designers\/jean-prouve-architecture\/\"><span>Jean Prouv\u00e9 - Architecture<\/span><\/a><\/li><li class=\"dce-term-188\"><a href=\"https:\/\/www.galeriedowntown.com\/en\/designers\/pierre-jeanneret\/\"><span>Pierre Jeanneret<\/span><\/a><\/li><li class=\"dce-term-187\"><a href=\"https:\/\/www.galeriedowntown.com\/en\/designers\/le-corbusier\/\"><span>Le Corbusier<\/span><\/a><\/li><li class=\"dce-term-199\"><a href=\"https:\/\/www.galeriedowntown.com\/en\/designers\/serge-mouille\/\"><span>Serge Mouille<\/span><\/a><\/li><li class=\"dce-term-182\"><a href=\"https:\/\/www.galeriedowntown.com\/en\/designers\/jean-royere\/\"><span>Jean Roy\u00e8re<\/span><\/a><\/li><li class=\"dce-term-175\"><a href=\"https:\/\/www.galeriedowntown.com\/en\/designers\/georges-jouve\/\"><span>Georges Jouve<\/span><\/a><\/li><li class=\"dce-term-191\"><a href=\"https:\/\/www.galeriedowntown.com\/en\/designers\/pierre-paulin\/\"><span>Pierre Paulin<\/span><\/a><\/li><li class=\"dce-term-162\"><a href=\"https:\/\/www.galeriedowntown.com\/en\/designers\/andre-bloc\/\"><span>Andr\u00e9 Bloc<\/span><\/a><\/li><li class=\"dce-term-176\"><a href=\"https:\/\/www.galeriedowntown.com\/en\/designers\/isamu-noguchi\/\"><span>Isamu Noguchi<\/span><\/a><\/li><li class=\"dce-term-184\"><a href=\"https:\/\/www.galeriedowntown.com\/en\/designers\/jose-zanine-caldas\/\"><span>Jos\u00e9 Zanine Caldas<\/span><\/a><\/li><li class=\"dce-term-196\"><a href=\"https:\/\/www.galeriedowntown.com\/en\/designers\/ron-arad\/\"><span>Ron Arad<\/span><\/a><\/li><li class=\"dce-term-171\"><a href=\"https:\/\/www.galeriedowntown.com\/en\/designers\/ettore-sottsass\/\"><span>Ettore Sottsass<\/span><\/a><\/li><li class=\"dce-term-172\"><a href=\"https:\/\/www.galeriedowntown.com\/en\/designers\/gaetano-pesce\/\"><span>Gaetano Pesce<\/span><\/a><\/li><li class=\"dce-term-192\"><a href=\"https:\/\/www.galeriedowntown.com\/en\/designers\/pucci-de-rossi\/\"><span>Pucci de Rossi<\/span><\/a><\/li><li class=\"dce-term-164\"><a href=\"https:\/\/www.galeriedowntown.com\/en\/designers\/choi-byung-hoon\/\"><span>Cho\u00ef Byung Hoon<\/span><\/a><\/li><li class=\"dce-term-203\"><a href=\"https:\/\/www.galeriedowntown.com\/en\/designers\/vassilakis-takis\/\"><span>Vassilakis Takis<\/span><\/a><\/li><li class=\"dce-term-211\"><a href=\"https:\/\/www.galeriedowntown.com\/en\/designers\/kris-van-assche\/\"><span>Kris Van Assche<\/span><\/a><\/li><li class=\"dce-term-194\"><a href=\"https:\/\/www.galeriedowntown.com\/en\/designers\/richard-texier\/\"><span>Richard Texier<\/span><\/a><\/li><li class=\"dce-term-201\"><a href=\"https:\/\/www.galeriedowntown.com\/en\/designers\/tom-fecht\/\"><span>Tom Fecht<\/span><\/a><\/li><li class=\"dce-term-168\"><a href=\"https:\/\/www.galeriedowntown.com\/en\/designers\/divers-en\/\"><span>Misc<\/span><\/a><\/li><\/ul><\/nav>\t\t<\/div>\n\t\t\t\t<\/div>\n\t\t\t\t\t<\/div>\n\t\t<\/div>\n\t\t\t\t<div class=\"elementor-column elementor-col-50 elementor-top-column elementor-element elementor-element-45e57f2\" data-id=\"45e57f2\" data-element_type=\"column\">\n\t\t\t<div class=\"elementor-widget-wrap elementor-element-populated\">\n\t\t\t\t\t\t<div class=\"elementor-element elementor-element-55b85e5 elementor-widget elementor-widget-shortcode\" data-id=\"55b85e5\" data-element_type=\"widget\" data-widget_type=\"shortcode.default\">\n\t\t\t\t<div class=\"elementor-widget-container\">\n\t\t\t\t\t<div class=\"elementor-shortcode\"><div class=\"taxonomy-grid\"><a href=\"https:\/\/www.galeriedowntown.com\/en\/designers\/charlotte-perriand\/\"><div class=\"taxonomy-grid-item\" style=\"background-image: url(https:\/\/www.galeriedowntown.com\/wp-content\/uploads\/2021\/01\/Perriand.jpg);\"><div class=\"taxonomy-grid-item-name\">Charlotte Perriand<\/div><\/div><\/a><a href=\"https:\/\/www.galeriedowntown.com\/en\/designers\/jean-prouve-furniture\/\"><div class=\"taxonomy-grid-item\" style=\"background-image: url(https:\/\/www.galeriedowntown.com\/wp-content\/uploads\/2021\/01\/02-jean-prouve-portrait.jpg);\"><div class=\"taxonomy-grid-item-name\">Jean Prouv\u00e9 - Furniture<\/div><\/div><\/a><a href=\"https:\/\/www.galeriedowntown.com\/en\/designers\/jean-prouve-architecture\/\"><div class=\"taxonomy-grid-item\" style=\"background-image: url(https:\/\/www.galeriedowntown.com\/wp-content\/uploads\/2021\/01\/02-jean-prouve-portrait.jpg);\"><div class=\"taxonomy-grid-item-name\">Jean Prouv\u00e9 - Architecture<\/div><\/div><\/a><a href=\"https:\/\/www.galeriedowntown.com\/en\/designers\/pierre-jeanneret\/\"><div class=\"taxonomy-grid-item\" style=\"background-image: url(https:\/\/www.galeriedowntown.com\/wp-content\/uploads\/2021\/01\/30a05e1cda36fae68b8a1e7475395ac0.jpg);\"><div class=\"taxonomy-grid-item-name\">Pierre Jeanneret<\/div><\/div><\/a><a href=\"https:\/\/www.galeriedowntown.com\/en\/designers\/le-corbusier\/\"><div class=\"taxonomy-grid-item\" style=\"background-image: url(https:\/\/www.galeriedowntown.com\/wp-content\/uploads\/2021\/01\/le-corbusier-un-passe-qui-ne-passe-pasM357102.jpg);\"><div class=\"taxonomy-grid-item-name\">Le Corbusier<\/div><\/div><\/a><a href=\"https:\/\/www.galeriedowntown.com\/en\/designers\/serge-mouille\/\"><div class=\"taxonomy-grid-item\" style=\"background-image: url(https:\/\/www.galeriedowntown.com\/wp-content\/uploads\/2021\/01\/serge-mouille-photo-artiste.jpg);\"><div class=\"taxonomy-grid-item-name\">Serge Mouille<\/div><\/div><\/a><a href=\"https:\/\/www.galeriedowntown.com\/en\/designers\/jean-royere\/\"><div class=\"taxonomy-grid-item\" style=\"background-image: url(https:\/\/www.galeriedowntown.com\/wp-content\/uploads\/2021\/01\/Jean-Royere-scaled-1.jpg);\"><div class=\"taxonomy-grid-item-name\">Jean Roy\u00e8re<\/div><\/div><\/a><a href=\"https:\/\/www.galeriedowntown.com\/en\/designers\/georges-jouve\/\"><div class=\"taxonomy-grid-item\" style=\"background-image: url(https:\/\/www.galeriedowntown.com\/wp-content\/uploads\/2021\/01\/358945ac2d5eefe95d28b5a7348cffac.jpg);\"><div class=\"taxonomy-grid-item-name\">Georges Jouve<\/div><\/div><\/a><a href=\"https:\/\/www.galeriedowntown.com\/en\/designers\/pierre-paulin\/\"><div class=\"taxonomy-grid-item\" style=\"background-image: url(https:\/\/www.galeriedowntown.com\/wp-content\/uploads\/2022\/12\/Pierre_Paulin_designer_Galerie_Downtown.jpeg);\"><div class=\"taxonomy-grid-item-name\">Pierre Paulin<\/div><\/div><\/a><a href=\"https:\/\/www.galeriedowntown.com\/en\/designers\/andre-bloc\/\"><div class=\"taxonomy-grid-item\" style=\"background-image: url(https:\/\/www.galeriedowntown.com\/wp-content\/uploads\/2021\/01\/ob_0c6073_andre-bloc.jpg);\"><div class=\"taxonomy-grid-item-name\">Andr\u00e9 Bloc<\/div><\/div><\/a><a href=\"https:\/\/www.galeriedowntown.com\/en\/designers\/isamu-noguchi\/\"><div class=\"taxonomy-grid-item\" style=\"background-image: url(https:\/\/www.galeriedowntown.com\/wp-content\/uploads\/2024\/09\/Isamu-Noguchi-1024x1024-1.jpeg);\"><div class=\"taxonomy-grid-item-name\">Isamu Noguchi<\/div><\/div><\/a><a href=\"https:\/\/www.galeriedowntown.com\/en\/designers\/jose-zanine-caldas\/\"><div class=\"taxonomy-grid-item\" style=\"background-image: url(https:\/\/www.galeriedowntown.com\/wp-content\/uploads\/2021\/12\/Portrait-Caldas.jpeg);\"><div class=\"taxonomy-grid-item-name\">Jos\u00e9 Zanine Caldas<\/div><\/div><\/a><a href=\"https:\/\/www.galeriedowntown.com\/en\/designers\/ron-arad\/\"><div class=\"taxonomy-grid-item\" style=\"background-image: url(https:\/\/www.galeriedowntown.com\/wp-content\/uploads\/2021\/01\/TheInvisibleCollection_RonArad_portrait-1.jpg);\"><div class=\"taxonomy-grid-item-name\">Ron Arad<\/div><\/div><\/a><a href=\"https:\/\/www.galeriedowntown.com\/en\/designers\/ettore-sottsass\/\"><div class=\"taxonomy-grid-item\" style=\"background-image: url(https:\/\/www.galeriedowntown.com\/wp-content\/uploads\/2021\/01\/c714fdc0436df9608199c34736e44973.jpg);\"><div class=\"taxonomy-grid-item-name\">Ettore Sottsass<\/div><\/div><\/a><a href=\"https:\/\/www.galeriedowntown.com\/en\/designers\/gaetano-pesce\/\"><div class=\"taxonomy-grid-item\" style=\"background-image: url(https:\/\/www.galeriedowntown.com\/wp-content\/uploads\/2021\/01\/GaetanoPesce_metalmagazine_1.jpg);\"><div class=\"taxonomy-grid-item-name\">Gaetano Pesce<\/div><\/div><\/a><a href=\"https:\/\/www.galeriedowntown.com\/en\/designers\/pucci-de-rossi\/\"><div class=\"taxonomy-grid-item\" style=\"background-image: url(https:\/\/www.galeriedowntown.com\/wp-content\/uploads\/2021\/01\/portrait70.jpg);\"><div class=\"taxonomy-grid-item-name\">Pucci de Rossi<\/div><\/div><\/a><a href=\"https:\/\/www.galeriedowntown.com\/en\/designers\/choi-byung-hoon\/\"><div class=\"taxonomy-grid-item\" style=\"background-image: url(https:\/\/www.galeriedowntown.com\/wp-content\/uploads\/2021\/01\/Choi-Byung-Hoon.jpg);\"><div class=\"taxonomy-grid-item-name\">Cho\u00ef Byung Hoon<\/div><\/div><\/a><a href=\"https:\/\/www.galeriedowntown.com\/en\/designers\/vassilakis-takis\/\"><div class=\"taxonomy-grid-item\" style=\"background-image: url(https:\/\/www.galeriedowntown.com\/wp-content\/uploads\/2021\/01\/http-com.ft_.imagepublish.upp-prod-us.s3.amazonaws.com-a07fdbd4-9897-11e9-8cfb-30c211dcd229-1.jpeg);\"><div class=\"taxonomy-grid-item-name\">Vassilakis Takis<\/div><\/div><\/a><a href=\"https:\/\/www.galeriedowntown.com\/en\/designers\/kris-van-assche\/\"><div class=\"taxonomy-grid-item\" style=\"background-image: url(https:\/\/www.galeriedowntown.com\/wp-content\/uploads\/2025\/07\/20250618_KRISVANASSCHE_0641-1-scaled.jpg);\"><div class=\"taxonomy-grid-item-name\">Kris Van Assche<\/div><\/div><\/a><a href=\"https:\/\/www.galeriedowntown.com\/en\/designers\/richard-texier\/\"><div class=\"taxonomy-grid-item\" style=\"background-image: url(https:\/\/www.galeriedowntown.com\/wp-content\/uploads\/2021\/01\/1200px-Portrait_Richard_Texier.jpg);\"><div class=\"taxonomy-grid-item-name\">Richard Texier<\/div><\/div><\/a><a href=\"https:\/\/www.galeriedowntown.com\/en\/designers\/tom-fecht\/\"><div class=\"taxonomy-grid-item\" style=\"background-image: url(https:\/\/www.galeriedowntown.com\/wp-content\/uploads\/2021\/01\/unnamed.jpg);\"><div class=\"taxonomy-grid-item-name\">Tom Fecht<\/div><\/div><\/a><\/div><\/div>\n\t\t\t\t<\/div>\n\t\t\t\t<\/div>\n\t\t\t\t\t<\/div>\n\t\t<\/div>\n\t\t\t\t\t<\/div>\n\t\t<\/section>\n\t\t\t\t<\/div>\n\t\t","protected":false},"excerpt":{"rendered":"<p>Charlotte Perriand Jean Prouv\u00e9 &#8211; Mobilier Jean Prouv\u00e9 &#8211; Architecture Pierre Jeanneret Le Corbusier Serge Mouille Jean Roy\u00e8re Georges Jouve Pierre Paulin Andr\u00e9 Bloc Isamu Noguchi Jos\u00e9 Zanine Caldas Ron Arad Ettore Sottsass Gaetano Pesce Pucci de Rossi Cho\u00ef Byung Hoon Vassilakis Takis Richard Texier Tom Fecht Divers<\/p>\n","protected":false},"author":1,"featured_media":0,"parent":0,"menu_order":0,"comment_status":"closed","ping_status":"closed","template":"elementor_header_footer","meta":{"_acf_changed":false,"footnotes":""},"acf":[],"yoast_head":"<!-- This site is optimized with the Yoast SEO plugin v23.0 - https:\/\/yoast.com\/wordpress\/plugins\/seo\/ -->\n<title>Designers - Laffanour | Galerie Downtown<\/title>\n<meta name=\"description\" content=\"Discover the designers of Galerie Downtown - Fran\u00e7ois Laffanour, including Charlotte Perriand, Jean Prouv\u00e9, and Le Corbusier.\" \/>\n<meta name=\"robots\" content=\"index, follow, max-snippet:-1, max-image-preview:large, max-video-preview:-1\" \/>\n<link rel=\"canonical\" href=\"https:\/\/www.galeriedowntown.com\/en\/designers\/\" \/>\n<meta property=\"og:locale\" content=\"en_US\" \/>\n<meta property=\"og:type\" content=\"article\" \/>\n<meta property=\"og:title\" content=\"Designers - Laffanour | Galerie Downtown\" \/>\n<meta property=\"og:description\" content=\"Discover the designers of Galerie Downtown - Fran\u00e7ois Laffanour, including Charlotte Perriand, Jean Prouv\u00e9, and Le Corbusier.\" \/>\n<meta property=\"og:url\" content=\"https:\/\/www.galeriedowntown.com\/en\/designers\/\" \/>\n<meta property=\"og:site_name\" content=\"Laffanour | Galerie Downtown\" \/>\n<meta name=\"twitter:card\" content=\"summary_large_image\" \/>\n<script type=\"application\/ld+json\" class=\"yoast-schema-graph\">{\"@context\":\"https:\/\/schema.org\",\"@graph\":[{\"@type\":\"WebPage\",\"@id\":\"https:\/\/www.galeriedowntown.com\/en\/designers\/\",\"url\":\"https:\/\/www.galeriedowntown.com\/en\/designers\/\",\"name\":\"Designers - Laffanour | Galerie Downtown\",\"isPartOf\":{\"@id\":\"https:\/\/www.galeriedowntown.com\/en\/#website\"},\"datePublished\":\"2024-09-25T06:13:12+00:00\",\"dateModified\":\"2024-09-25T06:13:12+00:00\",\"description\":\"Discover the designers of Galerie Downtown - Fran\u00e7ois Laffanour, including Charlotte Perriand, Jean Prouv\u00e9, and Le Corbusier.\",\"inLanguage\":\"en-US\",\"potentialAction\":[{\"@type\":\"ReadAction\",\"target\":[\"https:\/\/www.galeriedowntown.com\/en\/designers\/\"]}]},{\"@type\":\"WebSite\",\"@id\":\"https:\/\/www.galeriedowntown.com\/en\/#website\",\"url\":\"https:\/\/www.galeriedowntown.com\/en\/\",\"name\":\"Laffanour | Galerie Downtown\",\"description\":\"Laffanour | Galerie Downtown\",\"publisher\":{\"@id\":\"https:\/\/www.galeriedowntown.com\/en\/#organization\"},\"potentialAction\":[{\"@type\":\"SearchAction\",\"target\":{\"@type\":\"EntryPoint\",\"urlTemplate\":\"https:\/\/www.galeriedowntown.com\/en\/?s={search_term_string}\"},\"query-input\":\"required name=search_term_string\"}],\"inLanguage\":\"en-US\"},{\"@type\":\"Organization\",\"@id\":\"https:\/\/www.galeriedowntown.com\/en\/#organization\",\"name\":\"Laffanour | Galerie Downtown\",\"url\":\"https:\/\/www.galeriedowntown.com\/en\/\",\"logo\":{\"@type\":\"ImageObject\",\"inLanguage\":\"en-US\",\"@id\":\"https:\/\/www.galeriedowntown.com\/en\/#\/schema\/logo\/image\/\",\"url\":\"https:\/\/www.galeriedowntown.com\/wp-content\/uploads\/2021\/05\/Laffanour-Large-RVB-copie.jpg\",\"contentUrl\":\"https:\/\/www.galeriedowntown.com\/wp-content\/uploads\/2021\/05\/Laffanour-Large-RVB-copie.jpg\",\"width\":581,\"height\":280,\"caption\":\"Laffanour | Galerie Downtown\"},\"image\":{\"@id\":\"https:\/\/www.galeriedowntown.com\/en\/#\/schema\/logo\/image\/\"}}]}<\/script>\n<!-- \/ Yoast SEO plugin. -->","yoast_head_json":{"title":"Designers - Laffanour | Galerie Downtown","description":"Discover the designers of Galerie Downtown - Fran\u00e7ois Laffanour, including Charlotte Perriand, Jean Prouv\u00e9, and Le Corbusier.","robots":{"index":"index","follow":"follow","max-snippet":"max-snippet:-1","max-image-preview":"max-image-preview:large","max-video-preview":"max-video-preview:-1"},"canonical":"https:\/\/www.galeriedowntown.com\/en\/designers\/","og_locale":"en_US","og_type":"article","og_title":"Designers - Laffanour | Galerie Downtown","og_description":"Discover the designers of Galerie Downtown - Fran\u00e7ois Laffanour, including Charlotte Perriand, Jean Prouv\u00e9, and Le Corbusier.","og_url":"https:\/\/www.galeriedowntown.com\/en\/designers\/","og_site_name":"Laffanour | Galerie Downtown","twitter_card":"summary_large_image","schema":{"@context":"https:\/\/schema.org","@graph":[{"@type":"WebPage","@id":"https:\/\/www.galeriedowntown.com\/en\/designers\/","url":"https:\/\/www.galeriedowntown.com\/en\/designers\/","name":"Designers - Laffanour | Galerie Downtown","isPartOf":{"@id":"https:\/\/www.galeriedowntown.com\/en\/#website"},"datePublished":"2024-09-25T06:13:12+00:00","dateModified":"2024-09-25T06:13:12+00:00","description":"Discover the designers of Galerie Downtown - Fran\u00e7ois Laffanour, including Charlotte Perriand, Jean Prouv\u00e9, and Le Corbusier.","inLanguage":"en-US","potentialAction":[{"@type":"ReadAction","target":["https:\/\/www.galeriedowntown.com\/en\/designers\/"]}]},{"@type":"WebSite","@id":"https:\/\/www.galeriedowntown.com\/en\/#website","url":"https:\/\/www.galeriedowntown.com\/en\/","name":"Laffanour | Galerie Downtown","description":"Laffanour | Galerie Downtown","publisher":{"@id":"https:\/\/www.galeriedowntown.com\/en\/#organization"},"potentialAction":[{"@type":"SearchAction","target":{"@type":"EntryPoint","urlTemplate":"https:\/\/www.galeriedowntown.com\/en\/?s={search_term_string}"},"query-input":"required name=search_term_string"}],"inLanguage":"en-US"},{"@type":"Organization","@id":"https:\/\/www.galeriedowntown.com\/en\/#organization","name":"Laffanour | Galerie Downtown","url":"https:\/\/www.galeriedowntown.com\/en\/","logo":{"@type":"ImageObject","inLanguage":"en-US","@id":"https:\/\/www.galeriedowntown.com\/en\/#\/schema\/logo\/image\/","url":"https:\/\/www.galeriedowntown.com\/wp-content\/uploads\/2021\/05\/Laffanour-Large-RVB-copie.jpg","contentUrl":"https:\/\/www.galeriedowntown.com\/wp-content\/uploads\/2021\/05\/Laffanour-Large-RVB-copie.jpg","width":581,"height":280,"caption":"Laffanour | Galerie Downtown"},"image":{"@id":"https:\/\/www.galeriedowntown.com\/en\/#\/schema\/logo\/image\/"}}]}},"_links":{"self":[{"href":"https:\/\/www.galeriedowntown.com\/en\/wp-json\/wp\/v2\/pages\/32147"}],"collection":[{"href":"https:\/\/www.galeriedowntown.com\/en\/wp-json\/wp\/v2\/pages"}],"about":[{"href":"https:\/\/www.galeriedowntown.com\/en\/wp-json\/wp\/v2\/types\/page"}],"author":[{"embeddable":true,"href":"https:\/\/www.galeriedowntown.com\/en\/wp-json\/wp\/v2\/users\/1"}],"replies":[{"embeddable":true,"href":"https:\/\/www.galeriedowntown.com\/en\/wp-json\/wp\/v2\/comments?post=32147"}],"version-history":[{"count":2,"href":"https:\/\/www.galeriedowntown.com\/en\/wp-json\/wp\/v2\/pages\/32147\/revisions"}],"predecessor-version":[{"id":32149,"href":"https:\/\/www.galeriedowntown.com\/en\/wp-json\/wp\/v2\/pages\/32147\/revisions\/32149"}],"wp:attachment":[{"href":"https:\/\/www.galeriedowntown.com\/en\/wp-json\/wp\/v2\/media?parent=32147"}],"curies":[{"name":"wp","href":"https:\/\/api.w.org\/{rel}","templated":true}]}}